{"id":46,"date":"2021-02-04T09:37:33","date_gmt":"2021-02-04T08:37:33","guid":{"rendered":"http:\/\/bpf.flaw.uniba.sk\/?page_id=46"},"modified":"2024-10-04T08:51:07","modified_gmt":"2024-10-04T06:51:07","slug":"pokyny-k-prispevku","status":"publish","type":"page","link":"https:\/\/bpf2024.flaw.uniba.sk\/en\/pokyny-k-prispevku\/","title":{"rendered":"Submission guidelines"},"content":{"rendered":"<p><strong>DEADLINE FOR SUBMITTING A COMPLETE PAPER:<\/strong><\/p>\n\n\n\n<p><strong>until 20. 10. 2024<\/strong> \u2013 formal paper editing according to the template below. <strong>Pr\u00edspevky, ktor\u00e9 nebud\u00fa sp\u013a\u0148a\u0165 po form\u00e1lnej str\u00e1nke n\u00e1le\u017eitosti pod\u013ea \u0161abl\u00f3ny, nebud\u00fa publikovan\u00e9 v\u00a0zborn\u00edku konferencie.<\/strong><\/p>\n\n\n\n<p><\/p>\n\n\n\n<div class=\"wp-block-file\"><a id=\"wp-block-file--media-c9114340-7c85-478a-baf3-0765adc2783c\" href=\"https:\/\/bpf.flaw.uniba.sk\/wp-content\/uploads\/2024\/04\/Sablona_Template.docx\">Template of paper<\/a><a href=\"https:\/\/bpf.flaw.uniba.sk\/wp-content\/uploads\/2024\/04\/Sablona_Template.docx\" class=\"wp-block-file__button wp-element-button\" download aria-describedby=\"wp-block-file--media-c9114340-7c85-478a-baf3-0765adc2783c\">Download<\/a><\/div>\n\n\n\n<div class=\"wp-block-file\"><a id=\"wp-block-file--media-e1004a62-429d-413b-a749-57a4d771f73a\" href=\"https:\/\/bpf.flaw.uniba.sk\/wp-content\/uploads\/2024\/04\/POKYNY_k_odovzdaniu_PRISPEVKU-1.docx\">Instructions for submitting a paper<\/a><a href=\"https:\/\/bpf.flaw.uniba.sk\/wp-content\/uploads\/2024\/04\/POKYNY_k_odovzdaniu_PRISPEVKU-1.docx\" class=\"wp-block-file__button wp-element-button\" download aria-describedby=\"wp-block-file--media-e1004a62-429d-413b-a749-57a4d771f73a\">Download<\/a><\/div>\n\n\n\n<p><strong>COLLECTION OF PAPERS<\/strong>:<\/p>\n\n\n\n<p>The publication output from the conference will be a peer-reviewed electronic collection of papers.<\/p>\n\n\n\n<p>The collection of papers and individual contributions will be published under the Creative Commons Public License BY-NC-ND, 4.0.<\/p>\n\n\n\n<p>By submitting a contribution, the author gives permission for his work to be distributed under this public license.<\/p>\n\n\n\n<p>Only the contributions of participants who will actively attend and speak at the conference will be published.<\/p>\n\n\n\n<p><\/p>\n\n\n\n<p><strong>SELECTION PROCEEDINGS:<\/strong><\/p>\n\n\n\n<p>As part of this year's conference <strong>,,Bratislava Legal Forum 2024\"<\/strong> a selection of proceedings will also be compiled, which will be submitted for assessment to the database <strong>Web of Science-Conference Proceedings Citation Index (CPCI)<\/strong>.<\/p>\n\n\n\n<p>The conditions for considering the contribution to the selection collection by the Scientific Council of the conference are as follows:<\/p>\n\n\n\n<p><strong>\u2013 English language of the paper<\/strong><\/p>\n\n\n\n<p><strong>\u2013 high-quality abstract in the range of 5 \u2013 7 lines,<\/strong><\/p>\n\n\n\n<p><strong>\u2013 the contribution represents a relevant and unique contribution to the field of jurisprudence,<\/strong><\/p>\n\n\n\n<p><strong>\u2013 the contribution presents verifiable research results,<\/strong><\/p>\n\n\n\n<p><strong>\u2013 an adequate note-taking apparatus from the relevant literature (ideally indexed in the WoS\/Scopus database).<\/strong><\/p>\n\n\n\n<p><\/p>\n\n\n\n<figure class=\"wp-block-image size-large\"><img fetchpriority=\"high\" decoding=\"async\" width=\"724\" height=\"1024\" src=\"https:\/\/bpf.flaw.uniba.sk\/wp-content\/uploads\/2024\/09\/loga-na-web_BPF-2024_FINAL-3-724x1024.jpg\" alt=\"\" class=\"wp-image-1985\" srcset=\"https:\/\/bpf2024.flaw.uniba.sk\/wp-content\/uploads\/2024\/09\/loga-na-web_BPF-2024_FINAL-3-724x1024.jpg 724w, https:\/\/bpf2024.flaw.uniba.sk\/wp-content\/uploads\/2024\/09\/loga-na-web_BPF-2024_FINAL-3-212x300.jpg 212w, https:\/\/bpf2024.flaw.uniba.sk\/wp-content\/uploads\/2024\/09\/loga-na-web_BPF-2024_FINAL-3-768x1086.jpg 768w, https:\/\/bpf2024.flaw.uniba.sk\/wp-content\/uploads\/2024\/09\/loga-na-web_BPF-2024_FINAL-3-1086x1536.jpg 1086w, https:\/\/bpf2024.flaw.uniba.sk\/wp-content\/uploads\/2024\/09\/loga-na-web_BPF-2024_FINAL-3-1448x2048.jpg 1448w, https:\/\/bpf2024.flaw.uniba.sk\/wp-content\/uploads\/2024\/09\/loga-na-web_BPF-2024_FINAL-3-8x12.jpg 8w, https:\/\/bpf2024.flaw.uniba.sk\/wp-content\/uploads\/2024\/09\/loga-na-web_BPF-2024_FINAL-3-1200x1697.jpg 1200w, https:\/\/bpf2024.flaw.uniba.sk\/wp-content\/uploads\/2024\/09\/loga-na-web_BPF-2024_FINAL-3.jpg 1754w\" sizes=\"(max-width: 724px) 100vw, 724px\" \/><\/figure>","protected":false},"excerpt":{"rendered":"<p>TERM\u00cdN NA ZASLANIE KOMPLETN\u00c9HO PR\u00cdSPEVKU: do 20. 10. 2024 \u2013 form\u00e1lna \u00faprava pr\u00edspevku pod\u013ea \u0161abl\u00f3ny pr\u00edspevku zverejnenej ni\u017e\u0161ie. Pr\u00edspevky, ktor\u00e9 nebud\u00fa sp\u013a\u0148a\u0165 po form\u00e1lnej str\u00e1nke n\u00e1le\u017eitosti pod\u013ea \u0161abl\u00f3ny, nebud\u00fa publikovan\u00e9 v\u00a0zborn\u00edku konferencie. PUBLIKA\u010cN\u00dd V\u00ddSTUP: Publika\u010dn\u00fdm v\u00fdstupom z&nbsp;konferencie bude recenzovan\u00fd elektronick\u00fd zborn\u00edk. Zborn\u00edk a&nbsp;jednotliv\u00e9 pr\u00edspevky bud\u00fa zverejnen\u00e9 pod verejnou licenciou Creative Commons BY-NC-ND, 4.0. Odoslan\u00edm pr\u00edspevku [&hellip;]<\/p>\n","protected":false},"author":2,"featured_media":0,"parent":0,"menu_order":0,"comment_status":"closed","ping_status":"closed","template":"","meta":{"ngg_post_thumbnail":0,"footnotes":""},"class_list":["post-46","page","type-page","status-publish","hentry"],"yoast_head":"<!-- This site is optimized with the Yoast SEO plugin v27.2 - https:\/\/yoast.com\/product\/yoast-seo-wordpress\/ -->\n<title>Pokyny k pr\u00edspevku - BPF<\/title>\n<meta name=\"robots\" content=\"index, follow, max-snippet:-1, max-image-preview:large, max-video-preview:-1\" \/>\n<link rel=\"canonical\" href=\"https:\/\/bpf2024.flaw.uniba.sk\/en\/pokyny-k-prispevku\/\" \/>\n<meta property=\"og:locale\" content=\"en_US\" \/>\n<meta property=\"og:type\" content=\"article\" \/>\n<meta property=\"og:title\" content=\"Pokyny k pr\u00edspevku - BPF\" \/>\n<meta property=\"og:description\" content=\"TERM\u00cdN NA ZASLANIE KOMPLETN\u00c9HO PR\u00cdSPEVKU: do 20. 10. 2024 \u2013 form\u00e1lna \u00faprava pr\u00edspevku pod\u013ea \u0161abl\u00f3ny pr\u00edspevku zverejnenej ni\u017e\u0161ie. Pr\u00edspevky, ktor\u00e9 nebud\u00fa sp\u013a\u0148a\u0165 po form\u00e1lnej str\u00e1nke n\u00e1le\u017eitosti pod\u013ea \u0161abl\u00f3ny, nebud\u00fa publikovan\u00e9 v\u00a0zborn\u00edku konferencie. PUBLIKA\u010cN\u00dd V\u00ddSTUP: Publika\u010dn\u00fdm v\u00fdstupom z&nbsp;konferencie bude recenzovan\u00fd elektronick\u00fd zborn\u00edk. Zborn\u00edk a&nbsp;jednotliv\u00e9 pr\u00edspevky bud\u00fa zverejnen\u00e9 pod verejnou licenciou Creative Commons BY-NC-ND, 4.0. Odoslan\u00edm pr\u00edspevku [&hellip;]\" \/>\n<meta property=\"og:url\" content=\"https:\/\/bpf2024.flaw.uniba.sk\/en\/pokyny-k-prispevku\/\" \/>\n<meta property=\"og:site_name\" content=\"BPF\" \/>\n<meta property=\"article:modified_time\" content=\"2024-10-04T06:51:07+00:00\" \/>\n<meta property=\"og:image\" content=\"https:\/\/bpf.flaw.uniba.sk\/wp-content\/uploads\/2024\/09\/loga-na-web_BPF-2024_FINAL-3-724x1024.jpg\" \/>\n<meta name=\"twitter:card\" content=\"summary_large_image\" \/>\n<meta name=\"twitter:label1\" content=\"Est. reading time\" \/>\n\t<meta name=\"twitter:data1\" content=\"2 minutes\" \/>\n<script type=\"application\/ld+json\" class=\"yoast-schema-graph\">{\"@context\":\"https:\/\/schema.org\",\"@graph\":[{\"@type\":\"WebPage\",\"@id\":\"https:\/\/bpf2024.flaw.uniba.sk\/pokyny-k-prispevku\/\",\"url\":\"https:\/\/bpf2024.flaw.uniba.sk\/pokyny-k-prispevku\/\",\"name\":\"Pokyny k pr\u00edspevku - BPF\",\"isPartOf\":{\"@id\":\"https:\/\/bpf2024.flaw.uniba.sk\/#website\"},\"primaryImageOfPage\":{\"@id\":\"https:\/\/bpf2024.flaw.uniba.sk\/pokyny-k-prispevku\/#primaryimage\"},\"image\":{\"@id\":\"https:\/\/bpf2024.flaw.uniba.sk\/pokyny-k-prispevku\/#primaryimage\"},\"thumbnailUrl\":\"https:\/\/bpf.flaw.uniba.sk\/wp-content\/uploads\/2024\/09\/loga-na-web_BPF-2024_FINAL-3-724x1024.jpg\",\"datePublished\":\"2021-02-04T08:37:33+00:00\",\"dateModified\":\"2024-10-04T06:51:07+00:00\",\"breadcrumb\":{\"@id\":\"https:\/\/bpf2024.flaw.uniba.sk\/pokyny-k-prispevku\/#breadcrumb\"},\"inLanguage\":\"en-US\",\"potentialAction\":[{\"@type\":\"ReadAction\",\"target\":[\"https:\/\/bpf2024.flaw.uniba.sk\/pokyny-k-prispevku\/\"]}]},{\"@type\":\"ImageObject\",\"inLanguage\":\"en-US\",\"@id\":\"https:\/\/bpf2024.flaw.uniba.sk\/pokyny-k-prispevku\/#primaryimage\",\"url\":\"https:\/\/bpf.flaw.uniba.sk\/wp-content\/uploads\/2024\/09\/loga-na-web_BPF-2024_FINAL-3-724x1024.jpg\",\"contentUrl\":\"https:\/\/bpf.flaw.uniba.sk\/wp-content\/uploads\/2024\/09\/loga-na-web_BPF-2024_FINAL-3-724x1024.jpg\"},{\"@type\":\"BreadcrumbList\",\"@id\":\"https:\/\/bpf2024.flaw.uniba.sk\/pokyny-k-prispevku\/#breadcrumb\",\"itemListElement\":[{\"@type\":\"ListItem\",\"position\":1,\"name\":\"Home\",\"item\":\"https:\/\/bpf2024.flaw.uniba.sk\/\"},{\"@type\":\"ListItem\",\"position\":2,\"name\":\"Pokyny k pr\u00edspevku\"}]},{\"@type\":\"WebSite\",\"@id\":\"https:\/\/bpf2024.flaw.uniba.sk\/#website\",\"url\":\"https:\/\/bpf2024.flaw.uniba.sk\/\",\"name\":\"BPF\",\"description\":\"\",\"publisher\":{\"@id\":\"https:\/\/bpf2024.flaw.uniba.sk\/#organization\"},\"potentialAction\":[{\"@type\":\"SearchAction\",\"target\":{\"@type\":\"EntryPoint\",\"urlTemplate\":\"https:\/\/bpf2024.flaw.uniba.sk\/?s={search_term_string}\"},\"query-input\":{\"@type\":\"PropertyValueSpecification\",\"valueRequired\":true,\"valueName\":\"search_term_string\"}}],\"inLanguage\":\"en-US\"},{\"@type\":\"Organization\",\"@id\":\"https:\/\/bpf2024.flaw.uniba.sk\/#organization\",\"name\":\"BPF\",\"url\":\"https:\/\/bpf2024.flaw.uniba.sk\/\",\"logo\":{\"@type\":\"ImageObject\",\"inLanguage\":\"en-US\",\"@id\":\"https:\/\/bpf2024.flaw.uniba.sk\/#\/schema\/logo\/image\/\",\"url\":\"https:\/\/bpf2024.flaw.uniba.sk\/wp-content\/uploads\/2024\/09\/cropped-logo-vlavo-sj.png\",\"contentUrl\":\"https:\/\/bpf2024.flaw.uniba.sk\/wp-content\/uploads\/2024\/09\/cropped-logo-vlavo-sj.png\",\"width\":2477,\"height\":1861,\"caption\":\"BPF\"},\"image\":{\"@id\":\"https:\/\/bpf2024.flaw.uniba.sk\/#\/schema\/logo\/image\/\"}}]}<\/script>\n<!-- \/ Yoast SEO plugin. -->","yoast_head_json":{"title":"Pokyny k pr\u00edspevku - BPF","robots":{"index":"index","follow":"follow","max-snippet":"max-snippet:-1","max-image-preview":"max-image-preview:large","max-video-preview":"max-video-preview:-1"},"canonical":"https:\/\/bpf2024.flaw.uniba.sk\/en\/pokyny-k-prispevku\/","og_locale":"en_US","og_type":"article","og_title":"Pokyny k pr\u00edspevku - BPF","og_description":"TERM\u00cdN NA ZASLANIE KOMPLETN\u00c9HO PR\u00cdSPEVKU: do 20. 10. 2024 \u2013 form\u00e1lna \u00faprava pr\u00edspevku pod\u013ea \u0161abl\u00f3ny pr\u00edspevku zverejnenej ni\u017e\u0161ie. Pr\u00edspevky, ktor\u00e9 nebud\u00fa sp\u013a\u0148a\u0165 po form\u00e1lnej str\u00e1nke n\u00e1le\u017eitosti pod\u013ea \u0161abl\u00f3ny, nebud\u00fa publikovan\u00e9 v\u00a0zborn\u00edku konferencie. PUBLIKA\u010cN\u00dd V\u00ddSTUP: Publika\u010dn\u00fdm v\u00fdstupom z&nbsp;konferencie bude recenzovan\u00fd elektronick\u00fd zborn\u00edk. Zborn\u00edk a&nbsp;jednotliv\u00e9 pr\u00edspevky bud\u00fa zverejnen\u00e9 pod verejnou licenciou Creative Commons BY-NC-ND, 4.0. Odoslan\u00edm pr\u00edspevku [&hellip;]","og_url":"https:\/\/bpf2024.flaw.uniba.sk\/en\/pokyny-k-prispevku\/","og_site_name":"BPF","article_modified_time":"2024-10-04T06:51:07+00:00","og_image":[{"url":"https:\/\/bpf.flaw.uniba.sk\/wp-content\/uploads\/2024\/09\/loga-na-web_BPF-2024_FINAL-3-724x1024.jpg","type":"","width":"","height":""}],"twitter_card":"summary_large_image","twitter_misc":{"Est. reading time":"2 minutes"},"schema":{"@context":"https:\/\/schema.org","@graph":[{"@type":"WebPage","@id":"https:\/\/bpf2024.flaw.uniba.sk\/pokyny-k-prispevku\/","url":"https:\/\/bpf2024.flaw.uniba.sk\/pokyny-k-prispevku\/","name":"Pokyny k pr\u00edspevku - BPF","isPartOf":{"@id":"https:\/\/bpf2024.flaw.uniba.sk\/#website"},"primaryImageOfPage":{"@id":"https:\/\/bpf2024.flaw.uniba.sk\/pokyny-k-prispevku\/#primaryimage"},"image":{"@id":"https:\/\/bpf2024.flaw.uniba.sk\/pokyny-k-prispevku\/#primaryimage"},"thumbnailUrl":"https:\/\/bpf.flaw.uniba.sk\/wp-content\/uploads\/2024\/09\/loga-na-web_BPF-2024_FINAL-3-724x1024.jpg","datePublished":"2021-02-04T08:37:33+00:00","dateModified":"2024-10-04T06:51:07+00:00","breadcrumb":{"@id":"https:\/\/bpf2024.flaw.uniba.sk\/pokyny-k-prispevku\/#breadcrumb"},"inLanguage":"en-US","potentialAction":[{"@type":"ReadAction","target":["https:\/\/bpf2024.flaw.uniba.sk\/pokyny-k-prispevku\/"]}]},{"@type":"ImageObject","inLanguage":"en-US","@id":"https:\/\/bpf2024.flaw.uniba.sk\/pokyny-k-prispevku\/#primaryimage","url":"https:\/\/bpf.flaw.uniba.sk\/wp-content\/uploads\/2024\/09\/loga-na-web_BPF-2024_FINAL-3-724x1024.jpg","contentUrl":"https:\/\/bpf.flaw.uniba.sk\/wp-content\/uploads\/2024\/09\/loga-na-web_BPF-2024_FINAL-3-724x1024.jpg"},{"@type":"BreadcrumbList","@id":"https:\/\/bpf2024.flaw.uniba.sk\/pokyny-k-prispevku\/#breadcrumb","itemListElement":[{"@type":"ListItem","position":1,"name":"Home","item":"https:\/\/bpf2024.flaw.uniba.sk\/"},{"@type":"ListItem","position":2,"name":"Pokyny k pr\u00edspevku"}]},{"@type":"WebSite","@id":"https:\/\/bpf2024.flaw.uniba.sk\/#website","url":"https:\/\/bpf2024.flaw.uniba.sk\/","name":"BLF","description":"","publisher":{"@id":"https:\/\/bpf2024.flaw.uniba.sk\/#organization"},"potentialAction":[{"@type":"SearchAction","target":{"@type":"EntryPoint","urlTemplate":"https:\/\/bpf2024.flaw.uniba.sk\/?s={search_term_string}"},"query-input":{"@type":"PropertyValueSpecification","valueRequired":true,"valueName":"search_term_string"}}],"inLanguage":"en-US"},{"@type":"Organization","@id":"https:\/\/bpf2024.flaw.uniba.sk\/#organization","name":"BLF","url":"https:\/\/bpf2024.flaw.uniba.sk\/","logo":{"@type":"ImageObject","inLanguage":"en-US","@id":"https:\/\/bpf2024.flaw.uniba.sk\/#\/schema\/logo\/image\/","url":"https:\/\/bpf2024.flaw.uniba.sk\/wp-content\/uploads\/2024\/09\/cropped-logo-vlavo-sj.png","contentUrl":"https:\/\/bpf2024.flaw.uniba.sk\/wp-content\/uploads\/2024\/09\/cropped-logo-vlavo-sj.png","width":2477,"height":1861,"caption":"BPF"},"image":{"@id":"https:\/\/bpf2024.flaw.uniba.sk\/#\/schema\/logo\/image\/"}}]}},"_links":{"self":[{"href":"https:\/\/bpf2024.flaw.uniba.sk\/en\/wp-json\/wp\/v2\/pages\/46","targetHints":{"allow":["GET"]}}],"collection":[{"href":"https:\/\/bpf2024.flaw.uniba.sk\/en\/wp-json\/wp\/v2\/pages"}],"about":[{"href":"https:\/\/bpf2024.flaw.uniba.sk\/en\/wp-json\/wp\/v2\/types\/page"}],"author":[{"embeddable":true,"href":"https:\/\/bpf2024.flaw.uniba.sk\/en\/wp-json\/wp\/v2\/users\/2"}],"replies":[{"embeddable":true,"href":"https:\/\/bpf2024.flaw.uniba.sk\/en\/wp-json\/wp\/v2\/comments?post=46"}],"version-history":[{"count":38,"href":"https:\/\/bpf2024.flaw.uniba.sk\/en\/wp-json\/wp\/v2\/pages\/46\/revisions"}],"predecessor-version":[{"id":2045,"href":"https:\/\/bpf2024.flaw.uniba.sk\/en\/wp-json\/wp\/v2\/pages\/46\/revisions\/2045"}],"wp:attachment":[{"href":"https:\/\/bpf2024.flaw.uniba.sk\/en\/wp-json\/wp\/v2\/media?parent=46"}],"curies":[{"name":"wp","href":"https:\/\/api.w.org\/{rel}","templated":true}]}}