{"id":404,"date":"2021-03-17T13:26:41","date_gmt":"2021-03-17T12:26:41","guid":{"rendered":"https:\/\/bpf.flaw.uniba.sk\/?page_id=404"},"modified":"2024-05-14T14:14:12","modified_gmt":"2024-05-14T12:14:12","slug":"sekcia-eu_prava","status":"publish","type":"page","link":"https:\/\/bpf2024.flaw.uniba.sk\/en\/sekcia-eu_prava\/","title":{"rendered":"European Law Section"},"content":{"rendered":"<h2 class=\"wp-block-heading alignwide has-text-align-center\">Unwritten Law of the European Union<\/h2>\n\n\n\n<p>Values, principles, general legal principles, concepts often discussed with the development of European integration ... The written law of the European Union leaves a wide scope for interpretation by the Court of Justice of the European Union, as well as for filling in the gaps by finding unwritten norms in values, principles, or general principles.  The unwritten law of the European Union is thus a substantial body of legal norms found and interpreted by the Court of Justice of the European Union. Hence, the CJEU not only interprets norms, but also finds existing ones in unwritten law, and in that way the interpretation of a norm can become a source for the creation of an independent norm. Furthermore, given the autonomy of the European Union legal order, it may be the case that a written norm of another legal order becomes an unwritten norm of the European Union legal order. The topic of the panel will deal with various aspects of the \"discovery\" of the unwritten law of the European Union, its limits, dynamics, as well as its impact on the legal orders of the Member States, both at the level of values, principles, other sources of law, at the general level, and in particular areas of the system of the law of the European Union.<\/p>\n\n\n\n<p><\/p>\n\n\n\n<p><strong>Guarantor of the section:<\/strong><\/p>\n\n\n\n<p>prof. JUDr. Ing. Ondrej Bla\u017eo, PhD.<\/p>\n\n\n\n<p>doc. JUDr. Hana Kov\u00e1\u010dikov\u00e1, PhD.<\/p>\n\n\n\n<p class=\"has-drop-cap\">&nbsp;<\/p>","protected":false},"excerpt":{"rendered":"<p>Nep\u00edsan\u00e9 pr\u00e1vo Eur\u00f3pskej \u00fanie Hodnoty, princ\u00edpy, v\u0161eobecn\u00e9 pr\u00e1vne z\u00e1sady, pojmy \u010dasto diskutovan\u00e9 s rozvojom eur\u00f3pskej integr\u00e1cie \u2026 P\u00edsan\u00e9 pr\u00e1vo Eur\u00f3pskej \u00fanie ponech\u00e1va \u0161irok\u00e9 pole p\u00f4sobnosti pre jeho interpret\u00e1ciu S\u00fadnym dvorom Eur\u00f3pskej \u00fanie, ako aj pre vyp\u013a\u0148anie medzier prostredn\u00edctvom nach\u00e1dzania nep\u00edsan\u00fdch noriem v hodnot\u00e1ch princ\u00edpoch, \u010di v\u0161eobecn\u00fdch z\u00e1sad\u00e1ch. Nep\u00edsan\u00e9 pr\u00e1vo Eur\u00f3pskej \u00fanie je tak nezanedbate\u013en\u00fdm korpusom [&hellip;]<\/p>\n","protected":false},"author":2,"featured_media":0,"parent":0,"menu_order":0,"comment_status":"closed","ping_status":"closed","template":"","meta":{"ngg_post_thumbnail":0,"footnotes":""},"class_list":["post-404","page","type-page","status-publish","hentry"],"yoast_head":"<!-- This site is optimized with the Yoast SEO plugin v27.2 - https:\/\/yoast.com\/product\/yoast-seo-wordpress\/ -->\n<title>Sekcia eur\u00f3pskeho pr\u00e1va - BPF<\/title>\n<meta name=\"robots\" content=\"index, follow, max-snippet:-1, max-image-preview:large, max-video-preview:-1\" \/>\n<link rel=\"canonical\" href=\"https:\/\/bpf2024.flaw.uniba.sk\/en\/sekcia-eu_prava\/\" \/>\n<meta property=\"og:locale\" content=\"en_US\" \/>\n<meta property=\"og:type\" content=\"article\" \/>\n<meta property=\"og:title\" content=\"Sekcia eur\u00f3pskeho pr\u00e1va - BPF\" \/>\n<meta property=\"og:description\" content=\"Nep\u00edsan\u00e9 pr\u00e1vo Eur\u00f3pskej \u00fanie Hodnoty, princ\u00edpy, v\u0161eobecn\u00e9 pr\u00e1vne z\u00e1sady, pojmy \u010dasto diskutovan\u00e9 s rozvojom eur\u00f3pskej integr\u00e1cie \u2026 P\u00edsan\u00e9 pr\u00e1vo Eur\u00f3pskej \u00fanie ponech\u00e1va \u0161irok\u00e9 pole p\u00f4sobnosti pre jeho interpret\u00e1ciu S\u00fadnym dvorom Eur\u00f3pskej \u00fanie, ako aj pre vyp\u013a\u0148anie medzier prostredn\u00edctvom nach\u00e1dzania nep\u00edsan\u00fdch noriem v hodnot\u00e1ch princ\u00edpoch, \u010di v\u0161eobecn\u00fdch z\u00e1sad\u00e1ch. Nep\u00edsan\u00e9 pr\u00e1vo Eur\u00f3pskej \u00fanie je tak nezanedbate\u013en\u00fdm korpusom [&hellip;]\" \/>\n<meta property=\"og:url\" content=\"https:\/\/bpf2024.flaw.uniba.sk\/en\/sekcia-eu_prava\/\" \/>\n<meta property=\"og:site_name\" content=\"BPF\" \/>\n<meta property=\"article:modified_time\" content=\"2024-05-14T12:14:12+00:00\" \/>\n<meta name=\"twitter:card\" content=\"summary_large_image\" \/>\n<meta name=\"twitter:label1\" content=\"Est. reading time\" \/>\n\t<meta name=\"twitter:data1\" content=\"1 minute\" \/>\n<script type=\"application\/ld+json\" class=\"yoast-schema-graph\">{\"@context\":\"https:\/\/schema.org\",\"@graph\":[{\"@type\":\"WebPage\",\"@id\":\"https:\/\/bpf2024.flaw.uniba.sk\/sekcia-eu_prava\/\",\"url\":\"https:\/\/bpf2024.flaw.uniba.sk\/sekcia-eu_prava\/\",\"name\":\"Sekcia eur\u00f3pskeho pr\u00e1va - BPF\",\"isPartOf\":{\"@id\":\"https:\/\/bpf2024.flaw.uniba.sk\/#website\"},\"datePublished\":\"2021-03-17T12:26:41+00:00\",\"dateModified\":\"2024-05-14T12:14:12+00:00\",\"breadcrumb\":{\"@id\":\"https:\/\/bpf2024.flaw.uniba.sk\/sekcia-eu_prava\/#breadcrumb\"},\"inLanguage\":\"en-US\",\"potentialAction\":[{\"@type\":\"ReadAction\",\"target\":[\"https:\/\/bpf2024.flaw.uniba.sk\/sekcia-eu_prava\/\"]}]},{\"@type\":\"BreadcrumbList\",\"@id\":\"https:\/\/bpf2024.flaw.uniba.sk\/sekcia-eu_prava\/#breadcrumb\",\"itemListElement\":[{\"@type\":\"ListItem\",\"position\":1,\"name\":\"Home\",\"item\":\"https:\/\/bpf2024.flaw.uniba.sk\/\"},{\"@type\":\"ListItem\",\"position\":2,\"name\":\"Sekcia eur\u00f3pskeho pr\u00e1va\"}]},{\"@type\":\"WebSite\",\"@id\":\"https:\/\/bpf2024.flaw.uniba.sk\/#website\",\"url\":\"https:\/\/bpf2024.flaw.uniba.sk\/\",\"name\":\"BPF\",\"description\":\"\",\"publisher\":{\"@id\":\"https:\/\/bpf2024.flaw.uniba.sk\/#organization\"},\"potentialAction\":[{\"@type\":\"SearchAction\",\"target\":{\"@type\":\"EntryPoint\",\"urlTemplate\":\"https:\/\/bpf2024.flaw.uniba.sk\/?s={search_term_string}\"},\"query-input\":{\"@type\":\"PropertyValueSpecification\",\"valueRequired\":true,\"valueName\":\"search_term_string\"}}],\"inLanguage\":\"en-US\"},{\"@type\":\"Organization\",\"@id\":\"https:\/\/bpf2024.flaw.uniba.sk\/#organization\",\"name\":\"BPF\",\"url\":\"https:\/\/bpf2024.flaw.uniba.sk\/\",\"logo\":{\"@type\":\"ImageObject\",\"inLanguage\":\"en-US\",\"@id\":\"https:\/\/bpf2024.flaw.uniba.sk\/#\/schema\/logo\/image\/\",\"url\":\"https:\/\/bpf2024.flaw.uniba.sk\/wp-content\/uploads\/2024\/09\/cropped-logo-vlavo-sj.png\",\"contentUrl\":\"https:\/\/bpf2024.flaw.uniba.sk\/wp-content\/uploads\/2024\/09\/cropped-logo-vlavo-sj.png\",\"width\":2477,\"height\":1861,\"caption\":\"BPF\"},\"image\":{\"@id\":\"https:\/\/bpf2024.flaw.uniba.sk\/#\/schema\/logo\/image\/\"}}]}<\/script>\n<!-- \/ Yoast SEO plugin. -->","yoast_head_json":{"title":"Sekcia eur\u00f3pskeho pr\u00e1va - BPF","robots":{"index":"index","follow":"follow","max-snippet":"max-snippet:-1","max-image-preview":"max-image-preview:large","max-video-preview":"max-video-preview:-1"},"canonical":"https:\/\/bpf2024.flaw.uniba.sk\/en\/sekcia-eu_prava\/","og_locale":"en_US","og_type":"article","og_title":"Sekcia eur\u00f3pskeho pr\u00e1va - BPF","og_description":"Nep\u00edsan\u00e9 pr\u00e1vo Eur\u00f3pskej \u00fanie Hodnoty, princ\u00edpy, v\u0161eobecn\u00e9 pr\u00e1vne z\u00e1sady, pojmy \u010dasto diskutovan\u00e9 s rozvojom eur\u00f3pskej integr\u00e1cie \u2026 P\u00edsan\u00e9 pr\u00e1vo Eur\u00f3pskej \u00fanie ponech\u00e1va \u0161irok\u00e9 pole p\u00f4sobnosti pre jeho interpret\u00e1ciu S\u00fadnym dvorom Eur\u00f3pskej \u00fanie, ako aj pre vyp\u013a\u0148anie medzier prostredn\u00edctvom nach\u00e1dzania nep\u00edsan\u00fdch noriem v hodnot\u00e1ch princ\u00edpoch, \u010di v\u0161eobecn\u00fdch z\u00e1sad\u00e1ch. Nep\u00edsan\u00e9 pr\u00e1vo Eur\u00f3pskej \u00fanie je tak nezanedbate\u013en\u00fdm korpusom [&hellip;]","og_url":"https:\/\/bpf2024.flaw.uniba.sk\/en\/sekcia-eu_prava\/","og_site_name":"BPF","article_modified_time":"2024-05-14T12:14:12+00:00","twitter_card":"summary_large_image","twitter_misc":{"Est. reading time":"1 minute"},"schema":{"@context":"https:\/\/schema.org","@graph":[{"@type":"WebPage","@id":"https:\/\/bpf2024.flaw.uniba.sk\/sekcia-eu_prava\/","url":"https:\/\/bpf2024.flaw.uniba.sk\/sekcia-eu_prava\/","name":"Sekcia eur\u00f3pskeho pr\u00e1va - BPF","isPartOf":{"@id":"https:\/\/bpf2024.flaw.uniba.sk\/#website"},"datePublished":"2021-03-17T12:26:41+00:00","dateModified":"2024-05-14T12:14:12+00:00","breadcrumb":{"@id":"https:\/\/bpf2024.flaw.uniba.sk\/sekcia-eu_prava\/#breadcrumb"},"inLanguage":"en-US","potentialAction":[{"@type":"ReadAction","target":["https:\/\/bpf2024.flaw.uniba.sk\/sekcia-eu_prava\/"]}]},{"@type":"BreadcrumbList","@id":"https:\/\/bpf2024.flaw.uniba.sk\/sekcia-eu_prava\/#breadcrumb","itemListElement":[{"@type":"ListItem","position":1,"name":"Home","item":"https:\/\/bpf2024.flaw.uniba.sk\/"},{"@type":"ListItem","position":2,"name":"Sekcia eur\u00f3pskeho pr\u00e1va"}]},{"@type":"WebSite","@id":"https:\/\/bpf2024.flaw.uniba.sk\/#website","url":"https:\/\/bpf2024.flaw.uniba.sk\/","name":"BLF","description":"","publisher":{"@id":"https:\/\/bpf2024.flaw.uniba.sk\/#organization"},"potentialAction":[{"@type":"SearchAction","target":{"@type":"EntryPoint","urlTemplate":"https:\/\/bpf2024.flaw.uniba.sk\/?s={search_term_string}"},"query-input":{"@type":"PropertyValueSpecification","valueRequired":true,"valueName":"search_term_string"}}],"inLanguage":"en-US"},{"@type":"Organization","@id":"https:\/\/bpf2024.flaw.uniba.sk\/#organization","name":"BLF","url":"https:\/\/bpf2024.flaw.uniba.sk\/","logo":{"@type":"ImageObject","inLanguage":"en-US","@id":"https:\/\/bpf2024.flaw.uniba.sk\/#\/schema\/logo\/image\/","url":"https:\/\/bpf2024.flaw.uniba.sk\/wp-content\/uploads\/2024\/09\/cropped-logo-vlavo-sj.png","contentUrl":"https:\/\/bpf2024.flaw.uniba.sk\/wp-content\/uploads\/2024\/09\/cropped-logo-vlavo-sj.png","width":2477,"height":1861,"caption":"BPF"},"image":{"@id":"https:\/\/bpf2024.flaw.uniba.sk\/#\/schema\/logo\/image\/"}}]}},"_links":{"self":[{"href":"https:\/\/bpf2024.flaw.uniba.sk\/en\/wp-json\/wp\/v2\/pages\/404","targetHints":{"allow":["GET"]}}],"collection":[{"href":"https:\/\/bpf2024.flaw.uniba.sk\/en\/wp-json\/wp\/v2\/pages"}],"about":[{"href":"https:\/\/bpf2024.flaw.uniba.sk\/en\/wp-json\/wp\/v2\/types\/page"}],"author":[{"embeddable":true,"href":"https:\/\/bpf2024.flaw.uniba.sk\/en\/wp-json\/wp\/v2\/users\/2"}],"replies":[{"embeddable":true,"href":"https:\/\/bpf2024.flaw.uniba.sk\/en\/wp-json\/wp\/v2\/comments?post=404"}],"version-history":[{"count":8,"href":"https:\/\/bpf2024.flaw.uniba.sk\/en\/wp-json\/wp\/v2\/pages\/404\/revisions"}],"predecessor-version":[{"id":1338,"href":"https:\/\/bpf2024.flaw.uniba.sk\/en\/wp-json\/wp\/v2\/pages\/404\/revisions\/1338"}],"wp:attachment":[{"href":"https:\/\/bpf2024.flaw.uniba.sk\/en\/wp-json\/wp\/v2\/media?parent=404"}],"curies":[{"name":"wp","href":"https:\/\/api.w.org\/{rel}","templated":true}]}}