{"id":394,"date":"2021-03-17T13:24:39","date_gmt":"2021-03-17T12:24:39","guid":{"rendered":"https:\/\/bpf.flaw.uniba.sk\/?page_id=394"},"modified":"2024-07-03T10:53:51","modified_gmt":"2024-07-03T08:53:51","slug":"sekcia-obcianskeho-prava-2","status":"publish","type":"page","link":"https:\/\/bpf2024.flaw.uniba.sk\/en\/sekcia-obcianskeho-prava-2\/","title":{"rendered":"Civil Law section"},"content":{"rendered":"<h2 class=\"wp-block-heading alignwide has-text-align-center\">The Influence of Supranational Judicial Authorities on National Private Law<\/h2>\n\n\n\n<p>Private law, as a dynamically developing area of law, does not develop in isolation, but is influenced by many factors. An important element acting in the process of development of national private law are transnational judicial bodies, especially the Court of Justice of the European Union and the European Court of Human Rights. The decision-making practice of these courts in the interpretation and application of national law is undoubtedly of increasing importance nowadays. The aim of the chosen topic is to focus on the influence of transnational judicial bodies on the current form of private law in specific issues and contexts. Contributions concerning not only Slovak private law but also foreign legal regulations and contributions of a comparative nature are welcome.<\/p>\n\n\n\n<p><\/p>\n\n\n\n<p><strong>Guarantors of the section:<\/strong><\/p>\n\n\n\n<p>doc. JUDr. Martin Kri\u017ean, PhD.<\/p>\n\n\n\n<p>Mgr. Martin Ham\u0159ik, PhD.<\/p>","protected":false},"excerpt":{"rendered":"<p>Vplyv nadn\u00e1rodn\u00fdch s\u00fadnych org\u00e1nov na n\u00e1rodn\u00e9 s\u00fakromn\u00e9 pr\u00e1vo S\u00fakromn\u00e9 pr\u00e1vo ako dynamicky sa rozv\u00edjaj\u00face odvetvie pr\u00e1va sa nevyv\u00edja izolovane, ale je ovplyvnen\u00e9 mnoh\u00fdmi faktormi. V\u00fdznamn\u00fdm prvkom, ktor\u00fd p\u00f4sob\u00ed v procese v\u00fdvoja n\u00e1rodn\u00e9ho s\u00fakromn\u00e9ho pr\u00e1va s\u00fa nadn\u00e1rodn\u00e9 s\u00fadne org\u00e1ny, najm\u00e4 S\u00fadny dvor Eur\u00f3pskej \u00fanie a Eur\u00f3psky s\u00fad pre \u013eudsk\u00e9 pr\u00e1va. Rozhodovacia prax t\u00fdchto s\u00fadov pri interpret\u00e1cii [&hellip;]<\/p>\n","protected":false},"author":2,"featured_media":0,"parent":0,"menu_order":0,"comment_status":"closed","ping_status":"closed","template":"","meta":{"ngg_post_thumbnail":0,"footnotes":""},"class_list":["post-394","page","type-page","status-publish","hentry"],"yoast_head":"<!-- This site is optimized with the Yoast SEO plugin v27.2 - https:\/\/yoast.com\/product\/yoast-seo-wordpress\/ -->\n<title>Sekcia ob\u010dianskeho pr\u00e1va - BPF<\/title>\n<meta name=\"robots\" content=\"index, follow, max-snippet:-1, max-image-preview:large, max-video-preview:-1\" \/>\n<link rel=\"canonical\" href=\"https:\/\/bpf2024.flaw.uniba.sk\/en\/sekcia-obcianskeho-prava-2\/\" \/>\n<meta property=\"og:locale\" content=\"en_US\" \/>\n<meta property=\"og:type\" content=\"article\" \/>\n<meta property=\"og:title\" content=\"Sekcia ob\u010dianskeho pr\u00e1va - BPF\" \/>\n<meta property=\"og:description\" content=\"Vplyv nadn\u00e1rodn\u00fdch s\u00fadnych org\u00e1nov na n\u00e1rodn\u00e9 s\u00fakromn\u00e9 pr\u00e1vo S\u00fakromn\u00e9 pr\u00e1vo ako dynamicky sa rozv\u00edjaj\u00face odvetvie pr\u00e1va sa nevyv\u00edja izolovane, ale je ovplyvnen\u00e9 mnoh\u00fdmi faktormi. V\u00fdznamn\u00fdm prvkom, ktor\u00fd p\u00f4sob\u00ed v procese v\u00fdvoja n\u00e1rodn\u00e9ho s\u00fakromn\u00e9ho pr\u00e1va s\u00fa nadn\u00e1rodn\u00e9 s\u00fadne org\u00e1ny, najm\u00e4 S\u00fadny dvor Eur\u00f3pskej \u00fanie a Eur\u00f3psky s\u00fad pre \u013eudsk\u00e9 pr\u00e1va. Rozhodovacia prax t\u00fdchto s\u00fadov pri interpret\u00e1cii [&hellip;]\" \/>\n<meta property=\"og:url\" content=\"https:\/\/bpf2024.flaw.uniba.sk\/en\/sekcia-obcianskeho-prava-2\/\" \/>\n<meta property=\"og:site_name\" content=\"BPF\" \/>\n<meta property=\"article:modified_time\" content=\"2024-07-03T08:53:51+00:00\" \/>\n<meta name=\"twitter:card\" content=\"summary_large_image\" \/>\n<meta name=\"twitter:label1\" content=\"Est. reading time\" \/>\n\t<meta name=\"twitter:data1\" content=\"1 minute\" \/>\n<script type=\"application\/ld+json\" class=\"yoast-schema-graph\">{\"@context\":\"https:\/\/schema.org\",\"@graph\":[{\"@type\":\"WebPage\",\"@id\":\"https:\/\/bpf2024.flaw.uniba.sk\/sekcia-obcianskeho-prava-2\/\",\"url\":\"https:\/\/bpf2024.flaw.uniba.sk\/sekcia-obcianskeho-prava-2\/\",\"name\":\"Sekcia ob\u010dianskeho pr\u00e1va - BPF\",\"isPartOf\":{\"@id\":\"https:\/\/bpf2024.flaw.uniba.sk\/#website\"},\"datePublished\":\"2021-03-17T12:24:39+00:00\",\"dateModified\":\"2024-07-03T08:53:51+00:00\",\"breadcrumb\":{\"@id\":\"https:\/\/bpf2024.flaw.uniba.sk\/sekcia-obcianskeho-prava-2\/#breadcrumb\"},\"inLanguage\":\"en-US\",\"potentialAction\":[{\"@type\":\"ReadAction\",\"target\":[\"https:\/\/bpf2024.flaw.uniba.sk\/sekcia-obcianskeho-prava-2\/\"]}]},{\"@type\":\"BreadcrumbList\",\"@id\":\"https:\/\/bpf2024.flaw.uniba.sk\/sekcia-obcianskeho-prava-2\/#breadcrumb\",\"itemListElement\":[{\"@type\":\"ListItem\",\"position\":1,\"name\":\"Home\",\"item\":\"https:\/\/bpf2024.flaw.uniba.sk\/\"},{\"@type\":\"ListItem\",\"position\":2,\"name\":\"Sekcia ob\u010dianskeho pr\u00e1va\"}]},{\"@type\":\"WebSite\",\"@id\":\"https:\/\/bpf2024.flaw.uniba.sk\/#website\",\"url\":\"https:\/\/bpf2024.flaw.uniba.sk\/\",\"name\":\"BPF\",\"description\":\"\",\"publisher\":{\"@id\":\"https:\/\/bpf2024.flaw.uniba.sk\/#organization\"},\"potentialAction\":[{\"@type\":\"SearchAction\",\"target\":{\"@type\":\"EntryPoint\",\"urlTemplate\":\"https:\/\/bpf2024.flaw.uniba.sk\/?s={search_term_string}\"},\"query-input\":{\"@type\":\"PropertyValueSpecification\",\"valueRequired\":true,\"valueName\":\"search_term_string\"}}],\"inLanguage\":\"en-US\"},{\"@type\":\"Organization\",\"@id\":\"https:\/\/bpf2024.flaw.uniba.sk\/#organization\",\"name\":\"BPF\",\"url\":\"https:\/\/bpf2024.flaw.uniba.sk\/\",\"logo\":{\"@type\":\"ImageObject\",\"inLanguage\":\"en-US\",\"@id\":\"https:\/\/bpf2024.flaw.uniba.sk\/#\/schema\/logo\/image\/\",\"url\":\"https:\/\/bpf2024.flaw.uniba.sk\/wp-content\/uploads\/2024\/09\/cropped-logo-vlavo-sj.png\",\"contentUrl\":\"https:\/\/bpf2024.flaw.uniba.sk\/wp-content\/uploads\/2024\/09\/cropped-logo-vlavo-sj.png\",\"width\":2477,\"height\":1861,\"caption\":\"BPF\"},\"image\":{\"@id\":\"https:\/\/bpf2024.flaw.uniba.sk\/#\/schema\/logo\/image\/\"}}]}<\/script>\n<!-- \/ Yoast SEO plugin. -->","yoast_head_json":{"title":"Sekcia ob\u010dianskeho pr\u00e1va - BPF","robots":{"index":"index","follow":"follow","max-snippet":"max-snippet:-1","max-image-preview":"max-image-preview:large","max-video-preview":"max-video-preview:-1"},"canonical":"https:\/\/bpf2024.flaw.uniba.sk\/en\/sekcia-obcianskeho-prava-2\/","og_locale":"en_US","og_type":"article","og_title":"Sekcia ob\u010dianskeho pr\u00e1va - BPF","og_description":"Vplyv nadn\u00e1rodn\u00fdch s\u00fadnych org\u00e1nov na n\u00e1rodn\u00e9 s\u00fakromn\u00e9 pr\u00e1vo S\u00fakromn\u00e9 pr\u00e1vo ako dynamicky sa rozv\u00edjaj\u00face odvetvie pr\u00e1va sa nevyv\u00edja izolovane, ale je ovplyvnen\u00e9 mnoh\u00fdmi faktormi. V\u00fdznamn\u00fdm prvkom, ktor\u00fd p\u00f4sob\u00ed v procese v\u00fdvoja n\u00e1rodn\u00e9ho s\u00fakromn\u00e9ho pr\u00e1va s\u00fa nadn\u00e1rodn\u00e9 s\u00fadne org\u00e1ny, najm\u00e4 S\u00fadny dvor Eur\u00f3pskej \u00fanie a Eur\u00f3psky s\u00fad pre \u013eudsk\u00e9 pr\u00e1va. Rozhodovacia prax t\u00fdchto s\u00fadov pri interpret\u00e1cii [&hellip;]","og_url":"https:\/\/bpf2024.flaw.uniba.sk\/en\/sekcia-obcianskeho-prava-2\/","og_site_name":"BPF","article_modified_time":"2024-07-03T08:53:51+00:00","twitter_card":"summary_large_image","twitter_misc":{"Est. reading time":"1 minute"},"schema":{"@context":"https:\/\/schema.org","@graph":[{"@type":"WebPage","@id":"https:\/\/bpf2024.flaw.uniba.sk\/sekcia-obcianskeho-prava-2\/","url":"https:\/\/bpf2024.flaw.uniba.sk\/sekcia-obcianskeho-prava-2\/","name":"Sekcia ob\u010dianskeho pr\u00e1va - BPF","isPartOf":{"@id":"https:\/\/bpf2024.flaw.uniba.sk\/#website"},"datePublished":"2021-03-17T12:24:39+00:00","dateModified":"2024-07-03T08:53:51+00:00","breadcrumb":{"@id":"https:\/\/bpf2024.flaw.uniba.sk\/sekcia-obcianskeho-prava-2\/#breadcrumb"},"inLanguage":"en-US","potentialAction":[{"@type":"ReadAction","target":["https:\/\/bpf2024.flaw.uniba.sk\/sekcia-obcianskeho-prava-2\/"]}]},{"@type":"BreadcrumbList","@id":"https:\/\/bpf2024.flaw.uniba.sk\/sekcia-obcianskeho-prava-2\/#breadcrumb","itemListElement":[{"@type":"ListItem","position":1,"name":"Home","item":"https:\/\/bpf2024.flaw.uniba.sk\/"},{"@type":"ListItem","position":2,"name":"Sekcia ob\u010dianskeho pr\u00e1va"}]},{"@type":"WebSite","@id":"https:\/\/bpf2024.flaw.uniba.sk\/#website","url":"https:\/\/bpf2024.flaw.uniba.sk\/","name":"BLF","description":"","publisher":{"@id":"https:\/\/bpf2024.flaw.uniba.sk\/#organization"},"potentialAction":[{"@type":"SearchAction","target":{"@type":"EntryPoint","urlTemplate":"https:\/\/bpf2024.flaw.uniba.sk\/?s={search_term_string}"},"query-input":{"@type":"PropertyValueSpecification","valueRequired":true,"valueName":"search_term_string"}}],"inLanguage":"en-US"},{"@type":"Organization","@id":"https:\/\/bpf2024.flaw.uniba.sk\/#organization","name":"BLF","url":"https:\/\/bpf2024.flaw.uniba.sk\/","logo":{"@type":"ImageObject","inLanguage":"en-US","@id":"https:\/\/bpf2024.flaw.uniba.sk\/#\/schema\/logo\/image\/","url":"https:\/\/bpf2024.flaw.uniba.sk\/wp-content\/uploads\/2024\/09\/cropped-logo-vlavo-sj.png","contentUrl":"https:\/\/bpf2024.flaw.uniba.sk\/wp-content\/uploads\/2024\/09\/cropped-logo-vlavo-sj.png","width":2477,"height":1861,"caption":"BPF"},"image":{"@id":"https:\/\/bpf2024.flaw.uniba.sk\/#\/schema\/logo\/image\/"}}]}},"_links":{"self":[{"href":"https:\/\/bpf2024.flaw.uniba.sk\/en\/wp-json\/wp\/v2\/pages\/394","targetHints":{"allow":["GET"]}}],"collection":[{"href":"https:\/\/bpf2024.flaw.uniba.sk\/en\/wp-json\/wp\/v2\/pages"}],"about":[{"href":"https:\/\/bpf2024.flaw.uniba.sk\/en\/wp-json\/wp\/v2\/types\/page"}],"author":[{"embeddable":true,"href":"https:\/\/bpf2024.flaw.uniba.sk\/en\/wp-json\/wp\/v2\/users\/2"}],"replies":[{"embeddable":true,"href":"https:\/\/bpf2024.flaw.uniba.sk\/en\/wp-json\/wp\/v2\/comments?post=394"}],"version-history":[{"count":7,"href":"https:\/\/bpf2024.flaw.uniba.sk\/en\/wp-json\/wp\/v2\/pages\/394\/revisions"}],"predecessor-version":[{"id":1431,"href":"https:\/\/bpf2024.flaw.uniba.sk\/en\/wp-json\/wp\/v2\/pages\/394\/revisions\/1431"}],"wp:attachment":[{"href":"https:\/\/bpf2024.flaw.uniba.sk\/en\/wp-json\/wp\/v2\/media?parent=394"}],"curies":[{"name":"wp","href":"https:\/\/api.w.org\/{rel}","templated":true}]}}