{"id":379,"date":"2021-03-17T13:21:18","date_gmt":"2021-03-17T12:21:18","guid":{"rendered":"https:\/\/bpf.flaw.uniba.sk\/?page_id=379"},"modified":"2024-05-14T14:04:43","modified_gmt":"2024-05-14T12:04:43","slug":"sekcia-obchodneho-prava-a-hospodarskeho-prava","status":"publish","type":"page","link":"https:\/\/bpf2024.flaw.uniba.sk\/en\/sekcia-obchodneho-prava-a-hospodarskeho-prava\/","title":{"rendered":"Financial Law Section, Commercial Law and Economic Law and Economic Sciences Section"},"content":{"rendered":"<h2 class=\"wp-block-heading alignwide has-text-align-center\">Current Issues of Commercial Law, Financial Law and Economic Sciences in the Context of the Impact of European Law on National Legal Systems<\/h2>\n\n\n\n<p class=\"has-drop-cap\">The section focuses on current issues of commercial law, financial law and economic sciences in the light of the impact of European law on national legal systems. The aim of the section is to analyse the latest trends and challenges in these areas, as well as legislative changes, and to discuss the impact of European integration on the legal and economic environment in the Member States of the European Union. The section is intended for academics, lawyers, judges, prosecutors, financial, and economic executives. The section should contribute to a deeper understanding of the impact of European law on national legal systems in the fields of commercial law, financial law and economic sciences. The section should also offer a space for  discussion concerning current  issues and related legislative changes and challenges.<\/p>\n\n\n\n<p><strong>Guarantors of the section:<\/strong><\/p>\n\n\n\n<p>prof. JUDr. Mojm\u00edr Mamojka, PhD.<\/p>\n\n\n\n<p>prof. JUDr. \u013dubom\u00edr \u010cunderl\u00edk, PhD.<\/p>\n\n\n\n<p>doc. JUDr. Simona Hesekov\u00e1, PhD.<\/p>","protected":false},"excerpt":{"rendered":"<p>Aktu\u00e1lne ot\u00e1zky obchodn\u00e9ho pr\u00e1va, finan\u010dn\u00e9ho pr\u00e1va a ekonomick\u00fdch vied v kontexte vplyvu eur\u00f3pskeho pr\u00e1va na n\u00e1rodn\u00e9 pr\u00e1vne poriadky Sekcia sa zameriava na aktu\u00e1lne ot\u00e1zky obchodn\u00e9ho pr\u00e1va, finan\u010dn\u00e9ho pr\u00e1va a ekonomick\u00fdch vied v kontexte vplyvu eur\u00f3pskeho pr\u00e1va na n\u00e1rodn\u00e9 pr\u00e1vne poriadky. Cie\u013eom sekcie je analyzova\u0165 najnov\u0161ie trendy a v\u00fdzvy v t\u00fdchto oblastiach ako aj legislat\u00edvne zmeny [&hellip;]<\/p>\n","protected":false},"author":2,"featured_media":0,"parent":0,"menu_order":0,"comment_status":"closed","ping_status":"closed","template":"","meta":{"ngg_post_thumbnail":0,"footnotes":""},"class_list":["post-379","page","type-page","status-publish","hentry"],"yoast_head":"<!-- This site is optimized with the Yoast SEO plugin v27.2 - https:\/\/yoast.com\/product\/yoast-seo-wordpress\/ -->\n<title>Sekcia finan\u010dn\u00e9ho pr\u00e1va, obchodn\u00e9ho a hospod\u00e1rskeho pr\u00e1va a ekonomick\u00fdch vied - BPF<\/title>\n<meta name=\"robots\" content=\"index, follow, max-snippet:-1, max-image-preview:large, max-video-preview:-1\" \/>\n<link rel=\"canonical\" href=\"https:\/\/bpf2024.flaw.uniba.sk\/en\/sekcia-obchodneho-prava-a-hospodarskeho-prava\/\" \/>\n<meta property=\"og:locale\" content=\"en_US\" \/>\n<meta property=\"og:type\" content=\"article\" \/>\n<meta property=\"og:title\" content=\"Sekcia finan\u010dn\u00e9ho pr\u00e1va, obchodn\u00e9ho a hospod\u00e1rskeho pr\u00e1va a ekonomick\u00fdch vied - BPF\" \/>\n<meta property=\"og:description\" content=\"Aktu\u00e1lne ot\u00e1zky obchodn\u00e9ho pr\u00e1va, finan\u010dn\u00e9ho pr\u00e1va a ekonomick\u00fdch vied v kontexte vplyvu eur\u00f3pskeho pr\u00e1va na n\u00e1rodn\u00e9 pr\u00e1vne poriadky Sekcia sa zameriava na aktu\u00e1lne ot\u00e1zky obchodn\u00e9ho pr\u00e1va, finan\u010dn\u00e9ho pr\u00e1va a ekonomick\u00fdch vied v kontexte vplyvu eur\u00f3pskeho pr\u00e1va na n\u00e1rodn\u00e9 pr\u00e1vne poriadky. Cie\u013eom sekcie je analyzova\u0165 najnov\u0161ie trendy a v\u00fdzvy v t\u00fdchto oblastiach ako aj legislat\u00edvne zmeny [&hellip;]\" \/>\n<meta property=\"og:url\" content=\"https:\/\/bpf2024.flaw.uniba.sk\/en\/sekcia-obchodneho-prava-a-hospodarskeho-prava\/\" \/>\n<meta property=\"og:site_name\" content=\"BPF\" \/>\n<meta property=\"article:modified_time\" content=\"2024-05-14T12:04:43+00:00\" \/>\n<meta name=\"twitter:card\" content=\"summary_large_image\" \/>\n<meta name=\"twitter:label1\" content=\"Est. reading time\" \/>\n\t<meta name=\"twitter:data1\" content=\"1 minute\" \/>\n<script type=\"application\/ld+json\" class=\"yoast-schema-graph\">{\"@context\":\"https:\/\/schema.org\",\"@graph\":[{\"@type\":\"WebPage\",\"@id\":\"https:\/\/bpf2024.flaw.uniba.sk\/sekcia-obchodneho-prava-a-hospodarskeho-prava\/\",\"url\":\"https:\/\/bpf2024.flaw.uniba.sk\/sekcia-obchodneho-prava-a-hospodarskeho-prava\/\",\"name\":\"Sekcia finan\u010dn\u00e9ho pr\u00e1va, obchodn\u00e9ho a hospod\u00e1rskeho pr\u00e1va a ekonomick\u00fdch vied - BPF\",\"isPartOf\":{\"@id\":\"https:\/\/bpf2024.flaw.uniba.sk\/#website\"},\"datePublished\":\"2021-03-17T12:21:18+00:00\",\"dateModified\":\"2024-05-14T12:04:43+00:00\",\"breadcrumb\":{\"@id\":\"https:\/\/bpf2024.flaw.uniba.sk\/sekcia-obchodneho-prava-a-hospodarskeho-prava\/#breadcrumb\"},\"inLanguage\":\"en-US\",\"potentialAction\":[{\"@type\":\"ReadAction\",\"target\":[\"https:\/\/bpf2024.flaw.uniba.sk\/sekcia-obchodneho-prava-a-hospodarskeho-prava\/\"]}]},{\"@type\":\"BreadcrumbList\",\"@id\":\"https:\/\/bpf2024.flaw.uniba.sk\/sekcia-obchodneho-prava-a-hospodarskeho-prava\/#breadcrumb\",\"itemListElement\":[{\"@type\":\"ListItem\",\"position\":1,\"name\":\"Home\",\"item\":\"https:\/\/bpf2024.flaw.uniba.sk\/\"},{\"@type\":\"ListItem\",\"position\":2,\"name\":\"Sekcia finan\u010dn\u00e9ho pr\u00e1va, obchodn\u00e9ho a hospod\u00e1rskeho pr\u00e1va a ekonomick\u00fdch vied\"}]},{\"@type\":\"WebSite\",\"@id\":\"https:\/\/bpf2024.flaw.uniba.sk\/#website\",\"url\":\"https:\/\/bpf2024.flaw.uniba.sk\/\",\"name\":\"BPF\",\"description\":\"\",\"publisher\":{\"@id\":\"https:\/\/bpf2024.flaw.uniba.sk\/#organization\"},\"potentialAction\":[{\"@type\":\"SearchAction\",\"target\":{\"@type\":\"EntryPoint\",\"urlTemplate\":\"https:\/\/bpf2024.flaw.uniba.sk\/?s={search_term_string}\"},\"query-input\":{\"@type\":\"PropertyValueSpecification\",\"valueRequired\":true,\"valueName\":\"search_term_string\"}}],\"inLanguage\":\"en-US\"},{\"@type\":\"Organization\",\"@id\":\"https:\/\/bpf2024.flaw.uniba.sk\/#organization\",\"name\":\"BPF\",\"url\":\"https:\/\/bpf2024.flaw.uniba.sk\/\",\"logo\":{\"@type\":\"ImageObject\",\"inLanguage\":\"en-US\",\"@id\":\"https:\/\/bpf2024.flaw.uniba.sk\/#\/schema\/logo\/image\/\",\"url\":\"https:\/\/bpf2024.flaw.uniba.sk\/wp-content\/uploads\/2024\/09\/cropped-logo-vlavo-sj.png\",\"contentUrl\":\"https:\/\/bpf2024.flaw.uniba.sk\/wp-content\/uploads\/2024\/09\/cropped-logo-vlavo-sj.png\",\"width\":2477,\"height\":1861,\"caption\":\"BPF\"},\"image\":{\"@id\":\"https:\/\/bpf2024.flaw.uniba.sk\/#\/schema\/logo\/image\/\"}}]}<\/script>\n<!-- \/ Yoast SEO plugin. -->","yoast_head_json":{"title":"Sekcia finan\u010dn\u00e9ho pr\u00e1va, obchodn\u00e9ho a hospod\u00e1rskeho pr\u00e1va a ekonomick\u00fdch vied - BPF","robots":{"index":"index","follow":"follow","max-snippet":"max-snippet:-1","max-image-preview":"max-image-preview:large","max-video-preview":"max-video-preview:-1"},"canonical":"https:\/\/bpf2024.flaw.uniba.sk\/en\/sekcia-obchodneho-prava-a-hospodarskeho-prava\/","og_locale":"en_US","og_type":"article","og_title":"Sekcia finan\u010dn\u00e9ho pr\u00e1va, obchodn\u00e9ho a hospod\u00e1rskeho pr\u00e1va a ekonomick\u00fdch vied - BPF","og_description":"Aktu\u00e1lne ot\u00e1zky obchodn\u00e9ho pr\u00e1va, finan\u010dn\u00e9ho pr\u00e1va a ekonomick\u00fdch vied v kontexte vplyvu eur\u00f3pskeho pr\u00e1va na n\u00e1rodn\u00e9 pr\u00e1vne poriadky Sekcia sa zameriava na aktu\u00e1lne ot\u00e1zky obchodn\u00e9ho pr\u00e1va, finan\u010dn\u00e9ho pr\u00e1va a ekonomick\u00fdch vied v kontexte vplyvu eur\u00f3pskeho pr\u00e1va na n\u00e1rodn\u00e9 pr\u00e1vne poriadky. Cie\u013eom sekcie je analyzova\u0165 najnov\u0161ie trendy a v\u00fdzvy v t\u00fdchto oblastiach ako aj legislat\u00edvne zmeny [&hellip;]","og_url":"https:\/\/bpf2024.flaw.uniba.sk\/en\/sekcia-obchodneho-prava-a-hospodarskeho-prava\/","og_site_name":"BPF","article_modified_time":"2024-05-14T12:04:43+00:00","twitter_card":"summary_large_image","twitter_misc":{"Est. reading time":"1 minute"},"schema":{"@context":"https:\/\/schema.org","@graph":[{"@type":"WebPage","@id":"https:\/\/bpf2024.flaw.uniba.sk\/sekcia-obchodneho-prava-a-hospodarskeho-prava\/","url":"https:\/\/bpf2024.flaw.uniba.sk\/sekcia-obchodneho-prava-a-hospodarskeho-prava\/","name":"Sekcia finan\u010dn\u00e9ho pr\u00e1va, obchodn\u00e9ho a hospod\u00e1rskeho pr\u00e1va a ekonomick\u00fdch vied - BPF","isPartOf":{"@id":"https:\/\/bpf2024.flaw.uniba.sk\/#website"},"datePublished":"2021-03-17T12:21:18+00:00","dateModified":"2024-05-14T12:04:43+00:00","breadcrumb":{"@id":"https:\/\/bpf2024.flaw.uniba.sk\/sekcia-obchodneho-prava-a-hospodarskeho-prava\/#breadcrumb"},"inLanguage":"en-US","potentialAction":[{"@type":"ReadAction","target":["https:\/\/bpf2024.flaw.uniba.sk\/sekcia-obchodneho-prava-a-hospodarskeho-prava\/"]}]},{"@type":"BreadcrumbList","@id":"https:\/\/bpf2024.flaw.uniba.sk\/sekcia-obchodneho-prava-a-hospodarskeho-prava\/#breadcrumb","itemListElement":[{"@type":"ListItem","position":1,"name":"Home","item":"https:\/\/bpf2024.flaw.uniba.sk\/"},{"@type":"ListItem","position":2,"name":"Sekcia finan\u010dn\u00e9ho pr\u00e1va, obchodn\u00e9ho a hospod\u00e1rskeho pr\u00e1va a ekonomick\u00fdch vied"}]},{"@type":"WebSite","@id":"https:\/\/bpf2024.flaw.uniba.sk\/#website","url":"https:\/\/bpf2024.flaw.uniba.sk\/","name":"BLF","description":"","publisher":{"@id":"https:\/\/bpf2024.flaw.uniba.sk\/#organization"},"potentialAction":[{"@type":"SearchAction","target":{"@type":"EntryPoint","urlTemplate":"https:\/\/bpf2024.flaw.uniba.sk\/?s={search_term_string}"},"query-input":{"@type":"PropertyValueSpecification","valueRequired":true,"valueName":"search_term_string"}}],"inLanguage":"en-US"},{"@type":"Organization","@id":"https:\/\/bpf2024.flaw.uniba.sk\/#organization","name":"BLF","url":"https:\/\/bpf2024.flaw.uniba.sk\/","logo":{"@type":"ImageObject","inLanguage":"en-US","@id":"https:\/\/bpf2024.flaw.uniba.sk\/#\/schema\/logo\/image\/","url":"https:\/\/bpf2024.flaw.uniba.sk\/wp-content\/uploads\/2024\/09\/cropped-logo-vlavo-sj.png","contentUrl":"https:\/\/bpf2024.flaw.uniba.sk\/wp-content\/uploads\/2024\/09\/cropped-logo-vlavo-sj.png","width":2477,"height":1861,"caption":"BPF"},"image":{"@id":"https:\/\/bpf2024.flaw.uniba.sk\/#\/schema\/logo\/image\/"}}]}},"_links":{"self":[{"href":"https:\/\/bpf2024.flaw.uniba.sk\/en\/wp-json\/wp\/v2\/pages\/379","targetHints":{"allow":["GET"]}}],"collection":[{"href":"https:\/\/bpf2024.flaw.uniba.sk\/en\/wp-json\/wp\/v2\/pages"}],"about":[{"href":"https:\/\/bpf2024.flaw.uniba.sk\/en\/wp-json\/wp\/v2\/types\/page"}],"author":[{"embeddable":true,"href":"https:\/\/bpf2024.flaw.uniba.sk\/en\/wp-json\/wp\/v2\/users\/2"}],"replies":[{"embeddable":true,"href":"https:\/\/bpf2024.flaw.uniba.sk\/en\/wp-json\/wp\/v2\/comments?post=379"}],"version-history":[{"count":5,"href":"https:\/\/bpf2024.flaw.uniba.sk\/en\/wp-json\/wp\/v2\/pages\/379\/revisions"}],"predecessor-version":[{"id":1319,"href":"https:\/\/bpf2024.flaw.uniba.sk\/en\/wp-json\/wp\/v2\/pages\/379\/revisions\/1319"}],"wp:attachment":[{"href":"https:\/\/bpf2024.flaw.uniba.sk\/en\/wp-json\/wp\/v2\/media?parent=379"}],"curies":[{"name":"wp","href":"https:\/\/api.w.org\/{rel}","templated":true}]}}