{"id":320,"date":"2021-03-17T12:57:39","date_gmt":"2021-03-17T11:57:39","guid":{"rendered":"https:\/\/bpf.flaw.uniba.sk\/?page_id=320"},"modified":"2024-09-19T08:53:00","modified_gmt":"2024-09-19T06:53:00","slug":"sekcia-trestneho-prava","status":"publish","type":"page","link":"https:\/\/bpf2024.flaw.uniba.sk\/en\/sekcia-trestneho-prava\/","title":{"rendered":"Criminal Law, Criminology and Criminalistics Section"},"content":{"rendered":"<h2 class=\"wp-block-heading alignwide has-text-align-center\">Europeanization of Criminal Law and Principles of the Rule of Law<\/h2>\n\n\n\n<p class=\"has-drop-cap\">The Criminal law section will be dedicated to the issues of the Europeanization of Criminal law in correlation with the principles of the rule of law. The aim of this section is to focus on the analysis of the impact of legally binding acts of the European Union on the national criminal justice system and the adherence to the principles of the rule of law in this context. Additionally, the section will conduct a scientific analysis to determine whether there has been a transposition of the EU's legally binding acts into the domestic legal frameworks of its member states.<\/p>\n\n\n\n<p><strong>Guarantors of the section:<\/strong><\/p>\n\n\n\n<p>prof. JUDr. Jozef \u010cent\u00e9\u0161, DrSc.<\/p>\n\n\n\n<p>Dr.h.c. prof. JUDr. Lucia Kurilovsk\u00e1, PhD.<\/p>\n\n\n\n<p>doc. JUDr. Ondrej Laciak, PhD.<\/p>","protected":false},"excerpt":{"rendered":"<p>Europeiz\u00e1cia trestn\u00e9ho pr\u00e1va a princ\u00edpy pr\u00e1vneho \u0161t\u00e1tu Sekcia trestn\u00e9ho pr\u00e1va bude zameran\u00e1 na problematiku europeiz\u00e1cie trestn\u00e9ho pr\u00e1va v korel\u00e1cii s princ\u00edpmi pr\u00e1vneho \u0161t\u00e1tu. Predmetn\u00e1 sekcia sa bude tie\u017e zameriava\u0165 na anal\u00fdzu vplyvu pr\u00e1vne z\u00e1v\u00e4zn\u00fdch aktov Eur\u00f3pskej \u00fanie na vn\u00fatro\u0161t\u00e1tny syst\u00e9m trestnej just\u00edcie a v tomto kontexte aj dodr\u017eiavan\u00edm princ\u00edpov pr\u00e1vneho \u0161t\u00e1tu. Predmetom sekcie bude aj [&hellip;]<\/p>\n","protected":false},"author":2,"featured_media":0,"parent":0,"menu_order":0,"comment_status":"closed","ping_status":"closed","template":"","meta":{"ngg_post_thumbnail":0,"footnotes":""},"class_list":["post-320","page","type-page","status-publish","hentry"],"yoast_head":"<!-- This site is optimized with the Yoast SEO plugin v27.2 - https:\/\/yoast.com\/product\/yoast-seo-wordpress\/ -->\n<title>Sekcia trestn\u00e9ho pr\u00e1va, kriminol\u00f3gie a kriminalistiky - BPF<\/title>\n<meta name=\"robots\" content=\"index, follow, max-snippet:-1, max-image-preview:large, max-video-preview:-1\" \/>\n<link rel=\"canonical\" href=\"https:\/\/bpf2024.flaw.uniba.sk\/en\/sekcia-trestneho-prava\/\" \/>\n<meta property=\"og:locale\" content=\"en_US\" \/>\n<meta property=\"og:type\" content=\"article\" \/>\n<meta property=\"og:title\" content=\"Sekcia trestn\u00e9ho pr\u00e1va, kriminol\u00f3gie a kriminalistiky - BPF\" \/>\n<meta property=\"og:description\" content=\"Europeiz\u00e1cia trestn\u00e9ho pr\u00e1va a princ\u00edpy pr\u00e1vneho \u0161t\u00e1tu Sekcia trestn\u00e9ho pr\u00e1va bude zameran\u00e1 na problematiku europeiz\u00e1cie trestn\u00e9ho pr\u00e1va v korel\u00e1cii s princ\u00edpmi pr\u00e1vneho \u0161t\u00e1tu. Predmetn\u00e1 sekcia sa bude tie\u017e zameriava\u0165 na anal\u00fdzu vplyvu pr\u00e1vne z\u00e1v\u00e4zn\u00fdch aktov Eur\u00f3pskej \u00fanie na vn\u00fatro\u0161t\u00e1tny syst\u00e9m trestnej just\u00edcie a v tomto kontexte aj dodr\u017eiavan\u00edm princ\u00edpov pr\u00e1vneho \u0161t\u00e1tu. Predmetom sekcie bude aj [&hellip;]\" \/>\n<meta property=\"og:url\" content=\"https:\/\/bpf2024.flaw.uniba.sk\/en\/sekcia-trestneho-prava\/\" \/>\n<meta property=\"og:site_name\" content=\"BPF\" \/>\n<meta property=\"article:modified_time\" content=\"2024-09-19T06:53:00+00:00\" \/>\n<meta name=\"twitter:card\" content=\"summary_large_image\" \/>\n<meta name=\"twitter:label1\" content=\"Est. reading time\" \/>\n\t<meta name=\"twitter:data1\" content=\"1 minute\" \/>\n<script type=\"application\/ld+json\" class=\"yoast-schema-graph\">{\"@context\":\"https:\/\/schema.org\",\"@graph\":[{\"@type\":\"WebPage\",\"@id\":\"https:\/\/bpf2024.flaw.uniba.sk\/sekcia-trestneho-prava\/\",\"url\":\"https:\/\/bpf2024.flaw.uniba.sk\/sekcia-trestneho-prava\/\",\"name\":\"Sekcia trestn\u00e9ho pr\u00e1va, kriminol\u00f3gie a kriminalistiky - BPF\",\"isPartOf\":{\"@id\":\"https:\/\/bpf2024.flaw.uniba.sk\/#website\"},\"datePublished\":\"2021-03-17T11:57:39+00:00\",\"dateModified\":\"2024-09-19T06:53:00+00:00\",\"breadcrumb\":{\"@id\":\"https:\/\/bpf2024.flaw.uniba.sk\/sekcia-trestneho-prava\/#breadcrumb\"},\"inLanguage\":\"en-US\",\"potentialAction\":[{\"@type\":\"ReadAction\",\"target\":[\"https:\/\/bpf2024.flaw.uniba.sk\/sekcia-trestneho-prava\/\"]}]},{\"@type\":\"BreadcrumbList\",\"@id\":\"https:\/\/bpf2024.flaw.uniba.sk\/sekcia-trestneho-prava\/#breadcrumb\",\"itemListElement\":[{\"@type\":\"ListItem\",\"position\":1,\"name\":\"Home\",\"item\":\"https:\/\/bpf2024.flaw.uniba.sk\/\"},{\"@type\":\"ListItem\",\"position\":2,\"name\":\"Sekcia trestn\u00e9ho pr\u00e1va, kriminol\u00f3gie a kriminalistiky\"}]},{\"@type\":\"WebSite\",\"@id\":\"https:\/\/bpf2024.flaw.uniba.sk\/#website\",\"url\":\"https:\/\/bpf2024.flaw.uniba.sk\/\",\"name\":\"BPF\",\"description\":\"\",\"publisher\":{\"@id\":\"https:\/\/bpf2024.flaw.uniba.sk\/#organization\"},\"potentialAction\":[{\"@type\":\"SearchAction\",\"target\":{\"@type\":\"EntryPoint\",\"urlTemplate\":\"https:\/\/bpf2024.flaw.uniba.sk\/?s={search_term_string}\"},\"query-input\":{\"@type\":\"PropertyValueSpecification\",\"valueRequired\":true,\"valueName\":\"search_term_string\"}}],\"inLanguage\":\"en-US\"},{\"@type\":\"Organization\",\"@id\":\"https:\/\/bpf2024.flaw.uniba.sk\/#organization\",\"name\":\"BPF\",\"url\":\"https:\/\/bpf2024.flaw.uniba.sk\/\",\"logo\":{\"@type\":\"ImageObject\",\"inLanguage\":\"en-US\",\"@id\":\"https:\/\/bpf2024.flaw.uniba.sk\/#\/schema\/logo\/image\/\",\"url\":\"https:\/\/bpf2024.flaw.uniba.sk\/wp-content\/uploads\/2024\/09\/cropped-logo-vlavo-sj.png\",\"contentUrl\":\"https:\/\/bpf2024.flaw.uniba.sk\/wp-content\/uploads\/2024\/09\/cropped-logo-vlavo-sj.png\",\"width\":2477,\"height\":1861,\"caption\":\"BPF\"},\"image\":{\"@id\":\"https:\/\/bpf2024.flaw.uniba.sk\/#\/schema\/logo\/image\/\"}}]}<\/script>\n<!-- \/ Yoast SEO plugin. -->","yoast_head_json":{"title":"Sekcia trestn\u00e9ho pr\u00e1va, kriminol\u00f3gie a kriminalistiky - BPF","robots":{"index":"index","follow":"follow","max-snippet":"max-snippet:-1","max-image-preview":"max-image-preview:large","max-video-preview":"max-video-preview:-1"},"canonical":"https:\/\/bpf2024.flaw.uniba.sk\/en\/sekcia-trestneho-prava\/","og_locale":"en_US","og_type":"article","og_title":"Sekcia trestn\u00e9ho pr\u00e1va, kriminol\u00f3gie a kriminalistiky - BPF","og_description":"Europeiz\u00e1cia trestn\u00e9ho pr\u00e1va a princ\u00edpy pr\u00e1vneho \u0161t\u00e1tu Sekcia trestn\u00e9ho pr\u00e1va bude zameran\u00e1 na problematiku europeiz\u00e1cie trestn\u00e9ho pr\u00e1va v korel\u00e1cii s princ\u00edpmi pr\u00e1vneho \u0161t\u00e1tu. Predmetn\u00e1 sekcia sa bude tie\u017e zameriava\u0165 na anal\u00fdzu vplyvu pr\u00e1vne z\u00e1v\u00e4zn\u00fdch aktov Eur\u00f3pskej \u00fanie na vn\u00fatro\u0161t\u00e1tny syst\u00e9m trestnej just\u00edcie a v tomto kontexte aj dodr\u017eiavan\u00edm princ\u00edpov pr\u00e1vneho \u0161t\u00e1tu. Predmetom sekcie bude aj [&hellip;]","og_url":"https:\/\/bpf2024.flaw.uniba.sk\/en\/sekcia-trestneho-prava\/","og_site_name":"BPF","article_modified_time":"2024-09-19T06:53:00+00:00","twitter_card":"summary_large_image","twitter_misc":{"Est. reading time":"1 minute"},"schema":{"@context":"https:\/\/schema.org","@graph":[{"@type":"WebPage","@id":"https:\/\/bpf2024.flaw.uniba.sk\/sekcia-trestneho-prava\/","url":"https:\/\/bpf2024.flaw.uniba.sk\/sekcia-trestneho-prava\/","name":"Sekcia trestn\u00e9ho pr\u00e1va, kriminol\u00f3gie a kriminalistiky - BPF","isPartOf":{"@id":"https:\/\/bpf2024.flaw.uniba.sk\/#website"},"datePublished":"2021-03-17T11:57:39+00:00","dateModified":"2024-09-19T06:53:00+00:00","breadcrumb":{"@id":"https:\/\/bpf2024.flaw.uniba.sk\/sekcia-trestneho-prava\/#breadcrumb"},"inLanguage":"en-US","potentialAction":[{"@type":"ReadAction","target":["https:\/\/bpf2024.flaw.uniba.sk\/sekcia-trestneho-prava\/"]}]},{"@type":"BreadcrumbList","@id":"https:\/\/bpf2024.flaw.uniba.sk\/sekcia-trestneho-prava\/#breadcrumb","itemListElement":[{"@type":"ListItem","position":1,"name":"Home","item":"https:\/\/bpf2024.flaw.uniba.sk\/"},{"@type":"ListItem","position":2,"name":"Sekcia trestn\u00e9ho pr\u00e1va, kriminol\u00f3gie a kriminalistiky"}]},{"@type":"WebSite","@id":"https:\/\/bpf2024.flaw.uniba.sk\/#website","url":"https:\/\/bpf2024.flaw.uniba.sk\/","name":"BLF","description":"","publisher":{"@id":"https:\/\/bpf2024.flaw.uniba.sk\/#organization"},"potentialAction":[{"@type":"SearchAction","target":{"@type":"EntryPoint","urlTemplate":"https:\/\/bpf2024.flaw.uniba.sk\/?s={search_term_string}"},"query-input":{"@type":"PropertyValueSpecification","valueRequired":true,"valueName":"search_term_string"}}],"inLanguage":"en-US"},{"@type":"Organization","@id":"https:\/\/bpf2024.flaw.uniba.sk\/#organization","name":"BLF","url":"https:\/\/bpf2024.flaw.uniba.sk\/","logo":{"@type":"ImageObject","inLanguage":"en-US","@id":"https:\/\/bpf2024.flaw.uniba.sk\/#\/schema\/logo\/image\/","url":"https:\/\/bpf2024.flaw.uniba.sk\/wp-content\/uploads\/2024\/09\/cropped-logo-vlavo-sj.png","contentUrl":"https:\/\/bpf2024.flaw.uniba.sk\/wp-content\/uploads\/2024\/09\/cropped-logo-vlavo-sj.png","width":2477,"height":1861,"caption":"BPF"},"image":{"@id":"https:\/\/bpf2024.flaw.uniba.sk\/#\/schema\/logo\/image\/"}}]}},"_links":{"self":[{"href":"https:\/\/bpf2024.flaw.uniba.sk\/en\/wp-json\/wp\/v2\/pages\/320","targetHints":{"allow":["GET"]}}],"collection":[{"href":"https:\/\/bpf2024.flaw.uniba.sk\/en\/wp-json\/wp\/v2\/pages"}],"about":[{"href":"https:\/\/bpf2024.flaw.uniba.sk\/en\/wp-json\/wp\/v2\/types\/page"}],"author":[{"embeddable":true,"href":"https:\/\/bpf2024.flaw.uniba.sk\/en\/wp-json\/wp\/v2\/users\/2"}],"replies":[{"embeddable":true,"href":"https:\/\/bpf2024.flaw.uniba.sk\/en\/wp-json\/wp\/v2\/comments?post=320"}],"version-history":[{"count":10,"href":"https:\/\/bpf2024.flaw.uniba.sk\/en\/wp-json\/wp\/v2\/pages\/320\/revisions"}],"predecessor-version":[{"id":2043,"href":"https:\/\/bpf2024.flaw.uniba.sk\/en\/wp-json\/wp\/v2\/pages\/320\/revisions\/2043"}],"wp:attachment":[{"href":"https:\/\/bpf2024.flaw.uniba.sk\/en\/wp-json\/wp\/v2\/media?parent=320"}],"curies":[{"name":"wp","href":"https:\/\/api.w.org\/{rel}","templated":true}]}}